{"id":53914,"date":"2025-07-14T23:04:25","date_gmt":"2025-07-15T04:04:25","guid":{"rendered":"https:\/\/www.basler.com\/e%c2%b2-engineering-services\/services-sur-place\/"},"modified":"2025-09-10T17:17:53","modified_gmt":"2025-09-10T22:17:53","slug":"services-sur-place","status":"publish","type":"page","link":"https:\/\/basler.com\/fr\/e%c2%b2-engineering-services\/services-sur-place\/","title":{"rendered":"Services sur place"},"content":{"rendered":"<section  data-block-id=\"hammer_block_cfdc0c5273a13cdc0232e8db9b0fbe2c\" data-block=\"hero-background-image-text\" class=\"block block-hero-background-image-text hero-background-image-text spacing-top-default spacing-bottom-default style-compact\">\t<div class=\"wrapper has-media full-width\">\r\n\t\t<div class=\"inner\">\r\n\t\t\t<figure id=\"hammer_component_69dfcc9ce4427\" data-component=\"image\" class=\"component component-image image bg-image has-overlay\">\n        <picture class=\"picture\">\n            <img decoding=\"async\" width=\"1560\" height=\"700\" src=\"https:\/\/basler.com\/wp-content\/uploads\/2025\/07\/Web-Heros-29.png\" class=\"img\" alt=\"\" loading=\"lazy\" title=\"\" srcset=\"https:\/\/basler.com\/wp-content\/uploads\/2025\/07\/Web-Heros-29.png 1560w, https:\/\/basler.com\/wp-content\/uploads\/2025\/07\/Web-Heros-29-768x345.png 768w, https:\/\/basler.com\/wp-content\/uploads\/2025\/07\/Web-Heros-29-1024x459.png 1024w, https:\/\/basler.com\/wp-content\/uploads\/2025\/07\/Web-Heros-29-150x67.png 150w, https:\/\/basler.com\/wp-content\/uploads\/2025\/07\/Web-Heros-29-414x186.png 414w\" sizes=\"auto, (max-width: 1560px) 100vw, 1560px\">        <\/picture>\n\n            <\/figure>\n\r\n\t\t\t\r\n\t\t\t<div class=\"content-wrapper\">\r\n\t\t\t\t<h1 id=\"hammer_component_69dfcc9ce4be3\" data-component=\"headline\" class=\"component component-headline headline title style-default\">Services sur place<\/h1>\n\r\n\t\t\t\t<div class=\"text\">\r\n\t\t\t\t\t<div id=\"hammer_component_69dfcc9ce4c35\" data-component=\"rich-text\" class=\"component component-rich-text rich-text\"><p>Basler Services, LLC, offre une gamme de services sur site &ndash; y compris le d&eacute;pannage d&rsquo;urgence, la maintenance et les tests des syst&egrave;mes, les tests de conformit&eacute; NERC et la formation technique personnalis&eacute;e &ndash; afin de garantir des performances optimales et la conformit&eacute; r&eacute;glementaire des syst&egrave;mes &eacute;lectriques industriels et de production d&rsquo;&eacute;nergie.<\/p>\n<\/div>\n\r\n\t\t\t\t\t\t\t\t\t\t\t<a id=\"hammer_component_69dfcc9ce4c77\" data-component=\"button\" class=\"component component-button button style-primaire\" href=\"https:\/\/www.basler.com\/contact\" target=\"\" title=\"Contactez nous\" aria-label=\"Contactez nous\">    <span class=\"button-wrapper\">\n                    <strong class=\"button-text\">Contactez nous<\/strong>\n        \n                    <span class=\"icon-wrapper\" aria-hidden=\"true\">\n                <span class=\"button-icon\">\n                    <?xml version=\"1.0\" encoding=\"UTF-8\"?> <svg xmlns=\"http:\/\/www.w3.org\/2000\/svg\" width=\"8\" height=\"8\" viewbox=\"0 0 8 8\" fill=\"currentColor\"><path fill-rule=\"evenodd\" clip-rule=\"evenodd\" d=\"M7.25606 1.27007L0.526065 8L0 7.47393L6.73 0.743975H0.789112V0H8.00004V7.21087H7.25606V1.27007Z\" fill=\"currentColor\"><\/path><\/svg>                 <\/span>\n            <\/span>\n            <\/span>\n    <\/a>\n\t\t\t\t\t\t\t\t\t<\/div>\r\n\r\n\t\t\t<\/div>\r\n\t\t<\/div>\r\n\t<\/div>\r\n<\/section><section  data-block-id=\"hammer_block_850ca1eaea5a103726289265c50ff966\" data-block=\"listing-collapse\" class=\"block block-listing-collapse listing-collapse spacing-top-default spacing-bottom-default\">    \t\t<header class=\"wrapper wrapper-top\">\n            <h2 id=\"hammer_component_69dfcc9d2b4db\" data-component=\"headline\" class=\"component component-headline headline style-default\">E&sup2; Engineering Services<\/h2>\n            \t\t<\/header>\n    \n\t<div class=\"wrapper wrapper-bottom\">\n        \t\t\t<hr class=\"line\" role=\"presentation\"\/>\n\t\t\t<article class=\"post active\" tabindex=\"0\">\n                <figure id=\"hammer_component_69dfcc9d2b587\" data-component=\"image\" class=\"component component-image image\">\n        <picture class=\"picture\">\n            <img decoding=\"async\" width=\"500\" height=\"328\" src=\"https:\/\/basler.com\/wp-content\/uploads\/2025\/07\/Untitled-31.png\" class=\"img\" alt=\"\" loading=\"lazy\" title=\"\" srcset=\"https:\/\/basler.com\/wp-content\/uploads\/2025\/07\/Untitled-31.png 500w, https:\/\/basler.com\/wp-content\/uploads\/2025\/07\/Untitled-31-150x98.png 150w, https:\/\/basler.com\/wp-content\/uploads\/2025\/07\/Untitled-31-414x272.png 414w\" sizes=\"auto, (max-width: 500px) 100vw, 500px\">        <\/picture>\n\n            <\/figure>\n\n\t\t\t\t<div class=\"content\">\n\t\t\t\t\t<div class=\"infos\">\n\t\t\t\t\t\t<h3 class=\"title\">D\u00e9pannage et assistance<\/h3>\n\n                        \t\t\t\t\t\t\t<p class=\"excerpt\">Lorsque votre unit\u00e9 est en panne, vous avez besoin d&#8217;aide. Nos ing\u00e9nieurs qualifi\u00e9s et comp\u00e9tents ont l&#8217;exp\u00e9rience n\u00e9cessaire sur le terrain pour comprendre vos probl\u00e8mes et r\u00e9pondre \u00e0 vos questions. Les ing\u00e9nieurs de Basler Services fournissent des services de d\u00e9pannage d&#8217;urgence par t\u00e9l\u00e9phone, gratuitement. Si vos besoins sont plus complexes, nous enverrons l&#8217;un de nos ing\u00e9nieurs sur place en fonction du temps et du mat\u00e9riel n\u00e9cessaires.   <\/p>\n                        \t\t\t\t\t<\/div>\n\n                    \t\t\t\t\t\t<div class=\"wrapper-button\">\n                            <a id=\"hammer_component_69dfcc9d2bb02\" data-component=\"button\" class=\"component component-button button style-primaire\" href=\"https:\/\/www.basler.com\/service\/e2-engineering-troubleshooting-support\/\" target=\"\" title=\"En savoir plus\" aria-label=\"En savoir plus\">    <span class=\"button-wrapper\">\n                    <strong class=\"button-text\">En savoir plus<\/strong>\n        \n                    <span class=\"icon-wrapper\" aria-hidden=\"true\">\n                <span class=\"button-icon\">\n                    <?xml version=\"1.0\" encoding=\"UTF-8\"?> <svg xmlns=\"http:\/\/www.w3.org\/2000\/svg\" width=\"8\" height=\"8\" viewbox=\"0 0 8 8\" fill=\"currentColor\"><path fill-rule=\"evenodd\" clip-rule=\"evenodd\" d=\"M7.25606 1.27007L0.526065 8L0 7.47393L6.73 0.743975H0.789112V0H8.00004V7.21087H7.25606V1.27007Z\" fill=\"currentColor\"><\/path><\/svg>                 <\/span>\n            <\/span>\n            <\/span>\n    <\/a>\n\t\t\t\t\t\t<\/div>\n                    \t\t\t\t<\/div>\n\t\t\t<\/article>\n        \t\t\t<hr class=\"line\" role=\"presentation\"\/>\n\t\t\t<article class=\"post \" tabindex=\"0\">\n                <figure id=\"hammer_component_69dfcc9d2bcb1\" data-component=\"image\" class=\"component component-image image\">\n        <picture class=\"picture\">\n            <img decoding=\"async\" width=\"500\" height=\"328\" src=\"https:\/\/basler.com\/wp-content\/uploads\/2025\/07\/Untitled-3-11.png\" class=\"img\" alt=\"\" loading=\"lazy\" title=\"\" srcset=\"https:\/\/basler.com\/wp-content\/uploads\/2025\/07\/Untitled-3-11.png 500w, https:\/\/basler.com\/wp-content\/uploads\/2025\/07\/Untitled-3-11-150x98.png 150w, https:\/\/basler.com\/wp-content\/uploads\/2025\/07\/Untitled-3-11-414x272.png 414w\" sizes=\"auto, (max-width: 500px) 100vw, 500px\">        <\/picture>\n\n            <\/figure>\n\n\t\t\t\t<div class=\"content\">\n\t\t\t\t\t<div class=\"infos\">\n\t\t\t\t\t\t<h3 class=\"title\">Maintenance et essais du syst\u00e8me<\/h3>\n\n                        \t\t\t\t\t\t\t<p class=\"excerpt\">Un programme d&#8217;entretien p\u00e9riodique de qualit\u00e9, r\u00e9alis\u00e9 par les experts de Basler Services, vous fournira les informations et les outils n\u00e9cessaires pour am\u00e9liorer la fiabilit\u00e9 de votre syst\u00e8me de production. Une maintenance r\u00e9guli\u00e8re am\u00e9liorera les performances de l&#8217;unit\u00e9, la capacit\u00e9 de d\u00e9pannage du syst\u00e8me en interne et contribuera \u00e0 r\u00e9duire les co\u00fbts globaux d&#8217;exploitation et de maintenance de votre syst\u00e8me. <\/p>\n                        \t\t\t\t\t<\/div>\n\n                    \t\t\t\t\t\t<div class=\"wrapper-button\">\n                            <a id=\"hammer_component_69dfcc9d2c124\" data-component=\"button\" class=\"component component-button button style-primaire\" href=\"https:\/\/www.basler.com\/service\/e2-engineering-system-maintenance-testing\/\" target=\"\" title=\"En savoir plus\" aria-label=\"En savoir plus\">    <span class=\"button-wrapper\">\n                    <strong class=\"button-text\">En savoir plus<\/strong>\n        \n                    <span class=\"icon-wrapper\" aria-hidden=\"true\">\n                <span class=\"button-icon\">\n                    <?xml version=\"1.0\" encoding=\"UTF-8\"?> <svg xmlns=\"http:\/\/www.w3.org\/2000\/svg\" width=\"8\" height=\"8\" viewbox=\"0 0 8 8\" fill=\"currentColor\"><path fill-rule=\"evenodd\" clip-rule=\"evenodd\" d=\"M7.25606 1.27007L0.526065 8L0 7.47393L6.73 0.743975H0.789112V0H8.00004V7.21087H7.25606V1.27007Z\" fill=\"currentColor\"><\/path><\/svg>                 <\/span>\n            <\/span>\n            <\/span>\n    <\/a>\n\t\t\t\t\t\t<\/div>\n                    \t\t\t\t<\/div>\n\t\t\t<\/article>\n        \t\t\t<hr class=\"line\" role=\"presentation\"\/>\n\t\t\t<article class=\"post \" tabindex=\"0\">\n                <figure id=\"hammer_component_69dfcc9d2c27e\" data-component=\"image\" class=\"component component-image image\">\n        <picture class=\"picture\">\n            <img decoding=\"async\" width=\"3840\" height=\"2160\" src=\"https:\/\/basler.com\/wp-content\/uploads\/2025\/07\/Head_of_project_holds_laptop-e1752807211868.webp\" class=\"img\" alt=\"\" loading=\"lazy\" title=\"\">        <\/picture>\n\n            <\/figure>\n\n\t\t\t\t<div class=\"content\">\n\t\t\t\t\t<div class=\"infos\">\n\t\t\t\t\t\t<h3 class=\"title\">Tests de conformit\u00e9 NERC<\/h3>\n\n                        \t\t\t\t\t\t\t<p class=\"excerpt\">Des normes sont actuellement en vigueur ou sont en cours d&#8217;\u00e9laboration par les conseils r\u00e9gionaux, exigeant des essais et des v\u00e9rifications de base et p\u00e9riodiques (tous les cinq ans) des mod\u00e8les de centrales \u00e9lectriques pour les unit\u00e9s de plus de 10 MVA. Les param\u00e8tres du g\u00e9n\u00e9rateur, du syst\u00e8me d&#8217;excitation, du r\u00e9gulateur de turbine, du limiteur de surexcitation et du stabilisateur du syst\u00e8me \u00e9lectrique doivent \u00eatre v\u00e9rifi\u00e9s en comparant les r\u00e9ponses dynamiques simul\u00e9es aux mesures des essais sur le terrain. <\/p>\n                        \t\t\t\t\t<\/div>\n\n                    \t\t\t\t\t\t<div class=\"wrapper-button\">\n                            <a id=\"hammer_component_69dfcc9d2c79a\" data-component=\"button\" class=\"component component-button button style-primaire\" href=\"https:\/\/www.basler.com\/service\/e2-engineering-nerc-compliance-testing\/\" target=\"\" title=\"En savoir plus\" aria-label=\"En savoir plus\">    <span class=\"button-wrapper\">\n                    <strong class=\"button-text\">En savoir plus<\/strong>\n        \n                    <span class=\"icon-wrapper\" aria-hidden=\"true\">\n                <span class=\"button-icon\">\n                    <?xml version=\"1.0\" encoding=\"UTF-8\"?> <svg xmlns=\"http:\/\/www.w3.org\/2000\/svg\" width=\"8\" height=\"8\" viewbox=\"0 0 8 8\" fill=\"currentColor\"><path fill-rule=\"evenodd\" clip-rule=\"evenodd\" d=\"M7.25606 1.27007L0.526065 8L0 7.47393L6.73 0.743975H0.789112V0H8.00004V7.21087H7.25606V1.27007Z\" fill=\"currentColor\"><\/path><\/svg>                 <\/span>\n            <\/span>\n            <\/span>\n    <\/a>\n\t\t\t\t\t\t<\/div>\n                    \t\t\t\t<\/div>\n\t\t\t<\/article>\n        \t\t\t<hr class=\"line\" role=\"presentation\"\/>\n\t\t\t<article class=\"post \" tabindex=\"0\">\n                <figure id=\"hammer_component_69dfcc9d2c939\" data-component=\"image\" class=\"component component-image image\">\n        <picture class=\"picture\">\n            <img decoding=\"async\" width=\"3840\" height=\"2880\" src=\"https:\/\/basler.com\/wp-content\/uploads\/2025\/06\/segrity-training-session.webp\" class=\"img\" alt=\"SEGRITY Training Session\" loading=\"lazy\" title=\"\" srcset=\"https:\/\/basler.com\/wp-content\/uploads\/2025\/06\/segrity-training-session.webp 3840w, https:\/\/basler.com\/wp-content\/uploads\/2025\/06\/segrity-training-session-768x576.webp 768w, https:\/\/basler.com\/wp-content\/uploads\/2025\/06\/segrity-training-session-1024x768.webp 1024w, https:\/\/basler.com\/wp-content\/uploads\/2025\/06\/segrity-training-session-150x113.webp 150w, https:\/\/basler.com\/wp-content\/uploads\/2025\/06\/segrity-training-session-414x311.webp 414w, https:\/\/basler.com\/wp-content\/uploads\/2025\/06\/segrity-training-session-1600x1200.webp 1600w, https:\/\/basler.com\/wp-content\/uploads\/2025\/06\/segrity-training-session-1920x1440.webp 1920w\" sizes=\"auto, (max-width: 3840px) 100vw, 3840px\">        <\/picture>\n\n                    <figcaption class=\"caption\">SEGRITY Training Session<\/figcaption>\n            <\/figure>\n\n\t\t\t\t<div class=\"content\">\n\t\t\t\t\t<div class=\"infos\">\n\t\t\t\t\t\t<h3 class=\"title\">Formation technique<\/h3>\n\n                        \t\t\t\t\t\t\t<p class=\"excerpt\">Notre objectif est de soutenir les usines en activit\u00e9 dans leur volont\u00e9 de tirer le meilleur parti de leur personnel technique et de leur \u00e9quipement. Chaque programme de formation est d\u00e9velopp\u00e9 pour r\u00e9pondre aux besoins sp\u00e9cifiques de nos clients. Nous structurons le contenu du cours de mani\u00e8re \u00e0 fournir les informations de base ainsi que la marche \u00e0 suivre pour votre syst\u00e8me.  <\/p>\n                        \t\t\t\t\t<\/div>\n\n                    \t\t\t\t\t\t<div class=\"wrapper-button\">\n                            <a id=\"hammer_component_69dfcc9d2cef5\" data-component=\"button\" class=\"component component-button button style-primaire\" href=\"https:\/\/www.basler.com\/service\/e2-engineering-technical-training\/\" target=\"\" title=\"En savoir plus\" aria-label=\"En savoir plus\">    <span class=\"button-wrapper\">\n                    <strong class=\"button-text\">En savoir plus<\/strong>\n        \n                    <span class=\"icon-wrapper\" aria-hidden=\"true\">\n                <span class=\"button-icon\">\n                    <?xml version=\"1.0\" encoding=\"UTF-8\"?> <svg xmlns=\"http:\/\/www.w3.org\/2000\/svg\" width=\"8\" height=\"8\" viewbox=\"0 0 8 8\" fill=\"currentColor\"><path fill-rule=\"evenodd\" clip-rule=\"evenodd\" d=\"M7.25606 1.27007L0.526065 8L0 7.47393L6.73 0.743975H0.789112V0H8.00004V7.21087H7.25606V1.27007Z\" fill=\"currentColor\"><\/path><\/svg>                 <\/span>\n            <\/span>\n            <\/span>\n    <\/a>\n\t\t\t\t\t\t<\/div>\n                    \t\t\t\t<\/div>\n\t\t\t<\/article>\n        \t\t<hr class=\"line\" role=\"presentation\"\/>\n\t<\/div>\n    <\/section>","protected":false},"excerpt":{"rendered":"","protected":false},"author":1,"featured_media":0,"parent":53899,"menu_order":0,"comment_status":"closed","ping_status":"closed","template":"","meta":{"_acf_changed":false,"content-type":"","inline_featured_image":false,"ep_exclude_from_search":false,"footnotes":""},"class_list":["post-53914","page","type-page","status-publish","hentry"],"acf":[],"yoast_head":"<!-- This site is optimized with the Yoast SEO plugin v26.3 - https:\/\/yoast.com\/wordpress\/plugins\/seo\/ -->\n<title>Services sur place | Basler Electric<\/title>\n<meta name=\"robots\" content=\"index, follow, max-snippet:-1, max-image-preview:large, max-video-preview:-1\" \/>\n<link rel=\"canonical\" href=\"https:\/\/basler.com\/fr\/e%c2%b2-engineering-services\/services-sur-place\/\" \/>\n<meta property=\"og:locale\" content=\"fr_FR\" \/>\n<meta property=\"og:type\" content=\"article\" \/>\n<meta property=\"og:title\" content=\"Services sur place | Basler Electric\" \/>\n<meta property=\"og:url\" content=\"https:\/\/basler.com\/fr\/e%c2%b2-engineering-services\/services-sur-place\/\" \/>\n<meta property=\"og:site_name\" content=\"Basler Electric\" \/>\n<meta property=\"article:modified_time\" content=\"2025-09-10T22:17:53+00:00\" \/>\n<meta property=\"og:image\" content=\"https:\/\/basler.com\/wp-content\/uploads\/2025\/07\/Basler-Default-Image.jpg\" \/>\n\t<meta property=\"og:image:width\" content=\"1920\" \/>\n\t<meta property=\"og:image:height\" content=\"1080\" \/>\n\t<meta property=\"og:image:type\" content=\"image\/jpeg\" \/>\n<meta name=\"twitter:card\" content=\"summary_large_image\" \/>\n<script type=\"application\/ld+json\" class=\"yoast-schema-graph\">{\"@context\":\"https:\/\/schema.org\",\"@graph\":[{\"@type\":\"WebPage\",\"@id\":\"https:\/\/basler.com\/fr\/e%c2%b2-engineering-services\/services-sur-place\/\",\"url\":\"https:\/\/basler.com\/fr\/e%c2%b2-engineering-services\/services-sur-place\/\",\"name\":\"Services sur place | Basler Electric\",\"isPartOf\":{\"@id\":\"https:\/\/catalog.basler.com\/#website\"},\"datePublished\":\"2025-07-15T04:04:25+00:00\",\"dateModified\":\"2025-09-10T22:17:53+00:00\",\"breadcrumb\":{\"@id\":\"https:\/\/basler.com\/fr\/e%c2%b2-engineering-services\/services-sur-place\/#breadcrumb\"},\"inLanguage\":\"fr-FR\",\"potentialAction\":[{\"@type\":\"ReadAction\",\"target\":[\"https:\/\/basler.com\/fr\/e%c2%b2-engineering-services\/services-sur-place\/\"]}]},{\"@type\":\"BreadcrumbList\",\"@id\":\"https:\/\/basler.com\/fr\/e%c2%b2-engineering-services\/services-sur-place\/#breadcrumb\",\"itemListElement\":[{\"@type\":\"ListItem\",\"position\":1,\"name\":\"Home\",\"item\":\"https:\/\/fr.basler.com\/fr\/\"},{\"@type\":\"ListItem\",\"position\":2,\"name\":\"E\u00b2 Engineering Services\",\"item\":\"https:\/\/flex.basler.com\/fr\/e%c2%b2-engineering-services\/\"},{\"@type\":\"ListItem\",\"position\":3,\"name\":\"Services sur place\"}]},{\"@type\":\"WebSite\",\"@id\":\"https:\/\/catalog.basler.com\/#website\",\"url\":\"https:\/\/catalog.basler.com\/\",\"name\":\"Basler Electric\",\"description\":\"\",\"publisher\":{\"@id\":\"https:\/\/catalog.basler.com\/#organization\"},\"potentialAction\":[{\"@type\":\"SearchAction\",\"target\":{\"@type\":\"EntryPoint\",\"urlTemplate\":\"https:\/\/catalog.basler.com\/?s={search_term_string}\"},\"query-input\":{\"@type\":\"PropertyValueSpecification\",\"valueRequired\":true,\"valueName\":\"search_term_string\"}}],\"inLanguage\":\"fr-FR\"},{\"@type\":\"Organization\",\"@id\":\"https:\/\/catalog.basler.com\/#organization\",\"name\":\"Basler Electric\",\"url\":\"https:\/\/catalog.basler.com\/\",\"logo\":{\"@type\":\"ImageObject\",\"inLanguage\":\"fr-FR\",\"@id\":\"https:\/\/catalog.basler.com\/#\/schema\/logo\/image\/\",\"url\":\"https:\/\/www.basler.com\/wp-content\/uploads\/2025\/10\/Basler-Logo-Favicon.png\",\"contentUrl\":\"https:\/\/www.basler.com\/wp-content\/uploads\/2025\/10\/Basler-Logo-Favicon.png\",\"width\":512,\"height\":512,\"caption\":\"Basler Electric\"},\"image\":{\"@id\":\"https:\/\/catalog.basler.com\/#\/schema\/logo\/image\/\"}}]}<\/script>\n<!-- \/ Yoast SEO plugin. -->","yoast_head_json":{"title":"Services sur place | Basler Electric","robots":{"index":"index","follow":"follow","max-snippet":"max-snippet:-1","max-image-preview":"max-image-preview:large","max-video-preview":"max-video-preview:-1"},"canonical":"https:\/\/basler.com\/fr\/e%c2%b2-engineering-services\/services-sur-place\/","og_locale":"fr_FR","og_type":"article","og_title":"Services sur place | Basler Electric","og_url":"https:\/\/basler.com\/fr\/e%c2%b2-engineering-services\/services-sur-place\/","og_site_name":"Basler Electric","article_modified_time":"2025-09-10T22:17:53+00:00","og_image":[{"width":1920,"height":1080,"url":"https:\/\/basler.com\/wp-content\/uploads\/2025\/07\/Basler-Default-Image.jpg","type":"image\/jpeg"}],"twitter_card":"summary_large_image","schema":{"@context":"https:\/\/schema.org","@graph":[{"@type":"WebPage","@id":"https:\/\/basler.com\/fr\/e%c2%b2-engineering-services\/services-sur-place\/","url":"https:\/\/basler.com\/fr\/e%c2%b2-engineering-services\/services-sur-place\/","name":"Services sur place | Basler Electric","isPartOf":{"@id":"https:\/\/catalog.basler.com\/#website"},"datePublished":"2025-07-15T04:04:25+00:00","dateModified":"2025-09-10T22:17:53+00:00","breadcrumb":{"@id":"https:\/\/basler.com\/fr\/e%c2%b2-engineering-services\/services-sur-place\/#breadcrumb"},"inLanguage":"fr-FR","potentialAction":[{"@type":"ReadAction","target":["https:\/\/basler.com\/fr\/e%c2%b2-engineering-services\/services-sur-place\/"]}]},{"@type":"BreadcrumbList","@id":"https:\/\/basler.com\/fr\/e%c2%b2-engineering-services\/services-sur-place\/#breadcrumb","itemListElement":[{"@type":"ListItem","position":1,"name":"Home","item":"https:\/\/fr.basler.com\/fr\/"},{"@type":"ListItem","position":2,"name":"E\u00b2 Engineering Services","item":"https:\/\/flex.basler.com\/fr\/e%c2%b2-engineering-services\/"},{"@type":"ListItem","position":3,"name":"Services sur place"}]},{"@type":"WebSite","@id":"https:\/\/catalog.basler.com\/#website","url":"https:\/\/catalog.basler.com\/","name":"Basler Electric","description":"","publisher":{"@id":"https:\/\/catalog.basler.com\/#organization"},"potentialAction":[{"@type":"SearchAction","target":{"@type":"EntryPoint","urlTemplate":"https:\/\/catalog.basler.com\/?s={search_term_string}"},"query-input":{"@type":"PropertyValueSpecification","valueRequired":true,"valueName":"search_term_string"}}],"inLanguage":"fr-FR"},{"@type":"Organization","@id":"https:\/\/catalog.basler.com\/#organization","name":"Basler Electric","url":"https:\/\/catalog.basler.com\/","logo":{"@type":"ImageObject","inLanguage":"fr-FR","@id":"https:\/\/catalog.basler.com\/#\/schema\/logo\/image\/","url":"https:\/\/www.basler.com\/wp-content\/uploads\/2025\/10\/Basler-Logo-Favicon.png","contentUrl":"https:\/\/www.basler.com\/wp-content\/uploads\/2025\/10\/Basler-Logo-Favicon.png","width":512,"height":512,"caption":"Basler Electric"},"image":{"@id":"https:\/\/catalog.basler.com\/#\/schema\/logo\/image\/"}}]}},"_links":{"self":[{"href":"https:\/\/basler.com\/fr\/wp-json\/wp\/v2\/pages\/53914","targetHints":{"allow":["GET"]}}],"collection":[{"href":"https:\/\/basler.com\/fr\/wp-json\/wp\/v2\/pages"}],"about":[{"href":"https:\/\/basler.com\/fr\/wp-json\/wp\/v2\/types\/page"}],"author":[{"embeddable":true,"href":"https:\/\/basler.com\/fr\/wp-json\/wp\/v2\/users\/1"}],"replies":[{"embeddable":true,"href":"https:\/\/basler.com\/fr\/wp-json\/wp\/v2\/comments?post=53914"}],"version-history":[{"count":1,"href":"https:\/\/basler.com\/fr\/wp-json\/wp\/v2\/pages\/53914\/revisions"}],"predecessor-version":[{"id":53921,"href":"https:\/\/basler.com\/fr\/wp-json\/wp\/v2\/pages\/53914\/revisions\/53921"}],"up":[{"embeddable":true,"href":"https:\/\/basler.com\/fr\/wp-json\/wp\/v2\/pages\/53899"}],"wp:attachment":[{"href":"https:\/\/basler.com\/fr\/wp-json\/wp\/v2\/media?parent=53914"}],"curies":[{"name":"wp","href":"https:\/\/api.w.org\/{rel}","templated":true}]}}